{"id":11930,"date":"2014-08-08T15:48:33","date_gmt":"2014-08-08T13:48:33","guid":{"rendered":"http:\/\/lmb.goout.cz\/?page_id=10739"},"modified":"2022-02-26T18:40:38","modified_gmt":"2022-02-26T16:40:38","slug":"kontakty-druhe","status":"publish","type":"page","link":"https:\/\/musicbar.cz\/en\/kontakty-druhe\/","title":{"rendered":"Contacts 2"},"content":{"rendered":"<p><strong>Lucerna Music Barr<\/strong><br \/>\nVodi\u010dkova 36<br \/>\n110 00 Praha 1<\/p>\n<p><strong>Otev\u00edrac\u00ed doba pokladny<\/strong><\/p>\n<p><strong>Po \u2013 P\u00e1:<\/strong><br \/>\n9:30 \u2013 18:00<br \/>\nV den akce je otev\u00edrac\u00ed doba prodlou\u017eena do konce akce.<\/p>\n<p><strong>So \u2013 Ne<\/strong><br \/>\nB\u011bhem dne m\u00e1me zav\u0159eno.<br \/>\nV den akce otev\u00edr\u00e1 pokladna p\u0159i otev\u0159en\u00ed klubu.<\/p>\n<p><strong>Otev\u00edrac\u00ed doba klubu:<\/strong><\/p>\n<p>P\u0159esnou dobu otev\u0159en\u00ed klubu najdete v detailech jednotliv\u00fdch akc\u00ed. Klub se uzav\u00edr\u00e1 po skon\u010den\u00ed akce.<\/p>\n<p>Vstup osob\u00e1m do 15 let povolen pouze v doprovodu z\u00e1konn\u00e9ho z\u00e1stupce. 15+ bez omezen\u00ed.<\/p>\n<p>V klubu nerezervujeme m\u00edsta. D\u011bkujeme za pochopen\u00ed&#8230;<\/p>","protected":false},"excerpt":{"rendered":"<p>Lucerna Music Barr Vodi\u010dkova 36 110 00 Praha 1 Otev\u00edrac\u00ed doba pokladny Po \u2013 P\u00e1: 9:30 \u2013 18:00 V den akce je otev\u00edrac\u00ed doba prodlou\u017eena do konce akce. So \u2013 Ne B\u011bhem dne m\u00e1me zav\u0159eno. V den akce otev\u00edr\u00e1 pokladna p\u0159i otev\u0159en\u00ed klubu. Otev\u00edrac\u00ed doba klubu: P\u0159esnou dobu otev\u0159en\u00ed klubu najdete v detailech jednotliv\u00fdch akc\u00ed. [&hellip;]<\/p>\n","protected":false},"author":6,"featured_media":0,"parent":0,"menu_order":0,"comment_status":"closed","ping_status":"closed","template":"","meta":{"_acf_changed":false,"footnotes":""},"class_list":["post-11930","page","type-page","status-publish","hentry"],"acf":[],"_links":{"self":[{"href":"https:\/\/musicbar.cz\/en\/wp-json\/wp\/v2\/pages\/11930","targetHints":{"allow":["GET"]}}],"collection":[{"href":"https:\/\/musicbar.cz\/en\/wp-json\/wp\/v2\/pages"}],"about":[{"href":"https:\/\/musicbar.cz\/en\/wp-json\/wp\/v2\/types\/page"}],"author":[{"embeddable":true,"href":"https:\/\/musicbar.cz\/en\/wp-json\/wp\/v2\/users\/6"}],"replies":[{"embeddable":true,"href":"https:\/\/musicbar.cz\/en\/wp-json\/wp\/v2\/comments?post=11930"}],"version-history":[{"count":30,"href":"https:\/\/musicbar.cz\/en\/wp-json\/wp\/v2\/pages\/11930\/revisions"}],"predecessor-version":[{"id":34825,"href":"https:\/\/musicbar.cz\/en\/wp-json\/wp\/v2\/pages\/11930\/revisions\/34825"}],"wp:attachment":[{"href":"https:\/\/musicbar.cz\/en\/wp-json\/wp\/v2\/media?parent=11930"}],"curies":[{"name":"wp","href":"https:\/\/api.w.org\/{rel}","templated":true}]}}