{"id":27076,"date":"2019-03-29T15:08:36","date_gmt":"2019-03-29T13:08:36","guid":{"rendered":"http:\/\/beta.musicbar.cz\/?page_id=27076"},"modified":"2026-03-31T11:15:54","modified_gmt":"2026-03-31T09:15:54","slug":"klub","status":"publish","type":"page","link":"https:\/\/musicbar.cz\/cs\/klub\/","title":{"rendered":"Klub"},"content":{"rendered":"<p><\/p>\n<h1>Lucerna Music Bar<\/h1>\n<p>Ikonick\u00fd klub v centru Prahy.<br \/>\n30 let prvot\u0159\u00eddn\u00ed \u017eiv\u00e9 muziky<\/p>","protected":false},"excerpt":{"rendered":"<p>Lucerna Music Bar Ikonick\u00fd klub v centru Prahy. 30 let prvot\u0159\u00eddn\u00ed \u017eiv\u00e9 muziky<\/p>\n","protected":false},"author":6,"featured_media":0,"parent":0,"menu_order":0,"comment_status":"closed","ping_status":"closed","template":"","meta":{"_acf_changed":false,"footnotes":""},"class_list":["post-27076","page","type-page","status-publish","hentry"],"acf":[],"_links":{"self":[{"href":"https:\/\/musicbar.cz\/cs\/wp-json\/wp\/v2\/pages\/27076","targetHints":{"allow":["GET"]}}],"collection":[{"href":"https:\/\/musicbar.cz\/cs\/wp-json\/wp\/v2\/pages"}],"about":[{"href":"https:\/\/musicbar.cz\/cs\/wp-json\/wp\/v2\/types\/page"}],"author":[{"embeddable":true,"href":"https:\/\/musicbar.cz\/cs\/wp-json\/wp\/v2\/users\/6"}],"replies":[{"embeddable":true,"href":"https:\/\/musicbar.cz\/cs\/wp-json\/wp\/v2\/comments?post=27076"}],"version-history":[{"count":153,"href":"https:\/\/musicbar.cz\/cs\/wp-json\/wp\/v2\/pages\/27076\/revisions"}],"predecessor-version":[{"id":46595,"href":"https:\/\/musicbar.cz\/cs\/wp-json\/wp\/v2\/pages\/27076\/revisions\/46595"}],"wp:attachment":[{"href":"https:\/\/musicbar.cz\/cs\/wp-json\/wp\/v2\/media?parent=27076"}],"curies":[{"name":"wp","href":"https:\/\/api.w.org\/{rel}","templated":true}]}}