{"id":11931,"date":"2014-08-08T16:26:41","date_gmt":"2014-08-08T14:26:41","guid":{"rendered":"http:\/\/lmb.goout.cz\/?page_id=10746"},"modified":"2020-09-01T21:31:36","modified_gmt":"2020-09-01T19:31:36","slug":"o-lucerna-music-baru","status":"publish","type":"page","link":"https:\/\/musicbar.cz\/cs\/o-lucerna-music-baru\/","title":{"rendered":"O Lucerna Music Baru"},"content":{"rendered":"<p>Lucerna Music Bar se za 25 let existence stal jedn\u00edm z nejz\u00e1sadn\u011bj\u0161\u00edch hudebn\u00edch m\u00edst v \u010cesk\u00e9 republice. Origin\u00e1ln\u00ed \u010dlenit\u00fd prostor s bohatou kulturn\u00ed tradic\u00ed a unik\u00e1tn\u00ed vysunovac\u00ed kruhov\u00e9 p\u00f3dium d\u00e1vaj\u00ed \u0161anci n\u00e1v\u0161t\u011bvn\u00edk\u016fm za\u017e\u00edt vystoupen\u00ed obl\u00edben\u00fdch interpret\u016f doslova na dosah ruky a odn\u00e9st si tak z klubu jedine\u010dn\u00fd z\u00e1\u017eitek. V Lucerna Music Baru se vyst\u0159\u00eddaly stovky zahrani\u010dn\u00edch a dom\u00e1c\u00edch interpret\u016f. Jmenujme alespo\u0148 ty nejv\u011bt\u0161\u00ed hv\u011bzdy, kter\u00e9 poctily klub svou n\u00e1v\u0161t\u011bvou: Joss Stone, The Earth, Wind &#038; Fire, Maceo Parker, Hurts, The Parov Stelar Band, Stephen a Kymani Marley, Major Lazer, Living Colour, Keisza, The Subways, Two Door Cinema Club, Incognito, Pat Metheny, Robben Ford, Mos Def, Mark Lanegan nebo Jos\u00e9 Gonz\u00e1lez. Samostatn\u00fdm fenom\u00e9nem jsou 80\u2019s &#038; 90\u2018s videoparties, kter\u00e9 ji\u017e od roku 2000 zapl\u0148uj\u00ed klub ka\u017ed\u00fd p\u00e1tek a sobotu.<\/p>\n<p>Historie prostoru dne\u0161n\u00edho Lucerna Music Baru sah\u00e1 a\u017e do prvn\u00edho desetilet\u00ed minul\u00e9ho stolet\u00ed, kdy byl polo\u017een z\u00e1kladn\u00ed k\u00e1men Pal\u00e1ce Lucerna, v jeho\u017e komplexu se klub nach\u00e1z\u00ed. Ji\u017e v roce 1909 byl prostor vyu\u017e\u00edv\u00e1n nejprve jako p\u0159\u00edle\u017eitostn\u00e9 divadlo a pozd\u011bji jako Kabaret Lucerna pod veden\u00edm Karla Ha\u0161lera. Dal\u0161\u00edm v\u00fdznamn\u00fdm rokem v historii s\u00e1lu je rok 1927, kdy byl otev\u0159en Kabaret \u2013 Restaurant Lucerna. Tehdy zde vystupovali slavn\u00ed \u010de\u0161t\u00ed um\u011blci v \u010dele s Voskovcem a Werichem a k tanci a poslechu vyhr\u00e1valy popul\u00e1rn\u00ed jazzov\u00e9 kapely. Po \u00fanoru 1948 byl majetek Havlov\u00fdch a t\u00edm i cel\u00fd Pal\u00e1c Lucerna zn\u00e1rodn\u011bn. Nastala \u010dty\u0159icetilet\u00e1 doba temna pod vl\u00e1dou komunist\u016f, b\u011bhem n\u00ed\u017e fungoval prostor dne\u0161n\u00edho Lucerna Music Baru jako no\u010dn\u00ed podnik bez konkr\u00e9tn\u00edho zam\u011b\u0159en\u00ed. P\u0159ed dvaceti lety, ve st\u0159edu 25. \u0159\u00edjna 1995, byla zapo\u010data nov\u00e1 \u00e9ra pod sou\u010dasn\u00fdm jm\u00e9nem Lucerna Music Bar a my pevn\u011b v\u011b\u0159\u00edme, \u017ee bude trvat minim\u00e1ln\u011b dal\u0161\u00edch dvacet\u2026<\/p>","protected":false},"excerpt":{"rendered":"<p>Lucerna Music Bar se za 25 let existence stal jedn\u00edm z nejz\u00e1sadn\u011bj\u0161\u00edch hudebn\u00edch m\u00edst v \u010cesk\u00e9 republice. Origin\u00e1ln\u00ed \u010dlenit\u00fd prostor s bohatou kulturn\u00ed tradic\u00ed a unik\u00e1tn\u00ed vysunovac\u00ed kruhov\u00e9 p\u00f3dium d\u00e1vaj\u00ed \u0161anci n\u00e1v\u0161t\u011bvn\u00edk\u016fm za\u017e\u00edt vystoupen\u00ed obl\u00edben\u00fdch interpret\u016f doslova na dosah ruky a odn\u00e9st si tak z klubu jedine\u010dn\u00fd z\u00e1\u017eitek. V Lucerna Music Baru se vyst\u0159\u00eddaly stovky [&hellip;]<\/p>\n","protected":false},"author":6,"featured_media":0,"parent":0,"menu_order":0,"comment_status":"closed","ping_status":"closed","template":"","meta":{"_acf_changed":false,"footnotes":""},"class_list":["post-11931","page","type-page","status-publish","hentry"],"acf":[],"_links":{"self":[{"href":"https:\/\/musicbar.cz\/cs\/wp-json\/wp\/v2\/pages\/11931","targetHints":{"allow":["GET"]}}],"collection":[{"href":"https:\/\/musicbar.cz\/cs\/wp-json\/wp\/v2\/pages"}],"about":[{"href":"https:\/\/musicbar.cz\/cs\/wp-json\/wp\/v2\/types\/page"}],"author":[{"embeddable":true,"href":"https:\/\/musicbar.cz\/cs\/wp-json\/wp\/v2\/users\/6"}],"replies":[{"embeddable":true,"href":"https:\/\/musicbar.cz\/cs\/wp-json\/wp\/v2\/comments?post=11931"}],"version-history":[{"count":14,"href":"https:\/\/musicbar.cz\/cs\/wp-json\/wp\/v2\/pages\/11931\/revisions"}],"predecessor-version":[{"id":31358,"href":"https:\/\/musicbar.cz\/cs\/wp-json\/wp\/v2\/pages\/11931\/revisions\/31358"}],"wp:attachment":[{"href":"https:\/\/musicbar.cz\/cs\/wp-json\/wp\/v2\/media?parent=11931"}],"curies":[{"name":"wp","href":"https:\/\/api.w.org\/{rel}","templated":true}]}}