{"id":11930,"date":"2014-08-08T15:48:33","date_gmt":"2014-08-08T13:48:33","guid":{"rendered":"http:\/\/lmb.goout.cz\/?page_id=10739"},"modified":"2022-02-26T18:40:38","modified_gmt":"2022-02-26T16:40:38","slug":"kontakty-druhe","status":"publish","type":"page","link":"https:\/\/musicbar.cz\/cs\/kontakty-druhe\/","title":{"rendered":"Contacts 2"},"content":{"rendered":"<p><\/p>\n<div class=\"contacts-item\">\n<h5>Pokladna &amp; ztr\u00e1ty a n\u00e1lezy<\/h5>\n<p>+420 224 217 108<br \/>\ntickets@musicbar.cz<\/p>\n<\/div>\n<div class=\"contacts-item\">\n<h5>Office<\/h5>\n<p>+ 420 \/ 224 215 957<br \/>\n(po\u2013p\u00e1 12:00\u201317:00)<\/p>\n<p>lucerna@musicbar.cz<\/p>\n<\/div>\n<div class=\"contacts-item\">\n<h5>Produkce &amp; pron\u00e1jem<\/h5>\n<p>Kamil \u0160\u00edr<br \/>\n+420 724 337 190<\/p>\n<p>kamil@musicbar.cz<\/p>\n<div class=\"contacts-item\">\n<h5>PR &amp; akreditace<\/h5>\n<p>Jarom\u00edr Telensk\u00fd<br \/>\n+420 739 676 500<\/p>\n<p>jaromir@musicbar.cz<\/p>\n<\/div>\n<div class=\"contacts-item\">\n<h5>Z\u00e1sobov\u00e1n\u00ed<\/h5>\n<p>Ctirad Maty\u00e1\u0161<br \/>\n+420 724 337 186<\/p>\n<\/div>\n<p><\/p>","protected":false},"excerpt":{"rendered":"<p>Pokladna &amp; ztr\u00e1ty a n\u00e1lezy +420 224 217 108 tickets@musicbar.cz Office + 420 \/ 224 215 957 (po\u2013p\u00e1 12:00\u201317:00) lucerna@musicbar.cz Produkce &amp; pron\u00e1jem Kamil \u0160\u00edr +420 724 337 190 kamil@musicbar.cz PR &amp; akreditace Jarom\u00edr Telensk\u00fd +420 739 676 500 jaromir@musicbar.cz Z\u00e1sobov\u00e1n\u00ed Ctirad Maty\u00e1\u0161 +420 724 337 186<\/p>\n","protected":false},"author":6,"featured_media":0,"parent":0,"menu_order":0,"comment_status":"closed","ping_status":"closed","template":"","meta":{"_acf_changed":false,"footnotes":""},"class_list":["post-11930","page","type-page","status-publish","hentry"],"acf":[],"_links":{"self":[{"href":"https:\/\/musicbar.cz\/cs\/wp-json\/wp\/v2\/pages\/11930","targetHints":{"allow":["GET"]}}],"collection":[{"href":"https:\/\/musicbar.cz\/cs\/wp-json\/wp\/v2\/pages"}],"about":[{"href":"https:\/\/musicbar.cz\/cs\/wp-json\/wp\/v2\/types\/page"}],"author":[{"embeddable":true,"href":"https:\/\/musicbar.cz\/cs\/wp-json\/wp\/v2\/users\/6"}],"replies":[{"embeddable":true,"href":"https:\/\/musicbar.cz\/cs\/wp-json\/wp\/v2\/comments?post=11930"}],"version-history":[{"count":30,"href":"https:\/\/musicbar.cz\/cs\/wp-json\/wp\/v2\/pages\/11930\/revisions"}],"predecessor-version":[{"id":34825,"href":"https:\/\/musicbar.cz\/cs\/wp-json\/wp\/v2\/pages\/11930\/revisions\/34825"}],"wp:attachment":[{"href":"https:\/\/musicbar.cz\/cs\/wp-json\/wp\/v2\/media?parent=11930"}],"curies":[{"name":"wp","href":"https:\/\/api.w.org\/{rel}","templated":true}]}}